{"id":855,"date":"2025-12-09T20:09:04","date_gmt":"2025-12-09T19:09:04","guid":{"rendered":"https:\/\/evergreen.vasaloppet.se\/en\/?page_id=855"},"modified":"2025-12-09T20:09:05","modified_gmt":"2025-12-09T19:09:05","slug":"general-terms-and-conditions","status":"publish","type":"page","link":"https:\/\/evergreen.vasaloppet.se\/en\/general-terms-and-conditions\/","title":{"rendered":"General terms and conditions"},"content":{"rendered":"<p class=\"\">Uppdaterade den 7 augusti 2024<\/p>\n\n<h2 class=\"wp-block-heading\">1. Allm\u00e4nt<\/h2>\n\n<p class=\"\">Dessa allm\u00e4nna villkor (\u201d<strong>Allm\u00e4nna villkor<\/strong>\u201d) g\u00e4ller mellan dig och Vasaloppsf\u00f6reningen S\u00e4len-Mora, org.nr 884401\u20135886, (\u201d<strong>Vasaloppet<\/strong>\u201d, \u201d<strong>vi<\/strong>\u201d, \u201d<strong>oss<\/strong>\u201d, \u201d<strong>v\u00e5r<\/strong>\u201d, \u201d<strong>v\u00e5rt<\/strong>\u201d) n\u00e4r du anm\u00e4ler dig till ett lopp som arrangeras av Vasaloppet.<\/p>\n\n<p class=\"\">Genom att du anm\u00e4ler dig sj\u00e4lv eller genom annan, till n\u00e5got av de lopp som Vasaloppet arrangerar (\u201dLopp\u201d), godk\u00e4nner du v\u00e5ra vid var tid g\u00e4llande Allm\u00e4nna Villkor, f\u00f6r egen del eller f\u00f6r annans r\u00e4kning.<\/p>\n\n<h2 class=\"wp-block-heading\">2. Anm\u00e4lan<\/h2>\n\n<p class=\"\">Genom din anm\u00e4lan uppkommer ett bindande avtal med Vasaloppet, och din anm\u00e4lan till Lopp \u00e4r d\u00e4rf\u00f6r bindande. \u00c5ngerr\u00e4tten enligt lag (2005:59) om distansavtal och avtal utanf\u00f6r aff\u00e4rslokaler, g\u00e4ller inte vid k\u00f6p av idrottsevenemang och anm\u00e4lningsavgift \u00e5terbetalas inte. Vid f\u00f6rhinder kan du inte flytta fram din anm\u00e4lan till kommande \u00e5r.<\/p>\n\n<p class=\"\">Om du anm\u00e4ler n\u00e5gon annan person till ett Lopp, ansvarar du f\u00f6r och f\u00f6rs\u00e4krar, att personen har tagit del av och godk\u00e4nner dessa Allm\u00e4nna villkor. Det \u00e4r inte till\u00e5tet att delta i Lopp under annans namn.<\/p>\n\n<p class=\"\">Du har r\u00e4tt att \u00f6verl\u00e5ta din startplats till Lopp enligt de s\u00e4rskilda regler som Vasaloppet anger, se n\u00e4rmare\u00a0<em>K\u00f6p och s\u00e4lj startplats<\/em>. \u00d6verl\u00e5telse sker p\u00e5 egen risk och Vasaloppet tar inget ansvar f\u00f6r \u00f6verl\u00e5telsen.<\/p>\n\n<p class=\"\"><a href=\"https:\/\/www.vasaloppet.se\/lopp\/skidlopp\/vasaloppet\/anmalan\/kopa-och-salja-startplats\/\">K\u00d6P OCH S\u00c4LJ STARTPLATS \u2013 SKIDLOPP<\/a><br><a href=\"https:\/\/www.vasaloppet.se\/lopp\/cykellopp\/cykelvasan90\/anmalan\/kopa-och-salja-startplats\/\">K\u00d6P OCH S\u00c4LJ STARTPLATS \u2013 CYKELLOPP<\/a><br><a href=\"https:\/\/www.vasaloppet.se\/lopp\/loplopp\/ultravasan90\/anmalan\/kopa-och-salja-startplats\/\">K\u00d6P OCH S\u00c4LJ STARTPLATS \u2013 L\u00d6PLOPP<\/a><\/p>\n\n<h2 class=\"wp-block-heading\">3. Bekr\u00e4ftelse<\/h2>\n\n<p class=\"\">N\u00e4r din anm\u00e4lan har registrerats hos oss kommer du att f\u00e5 en bokningsbekr\u00e4ftelse som skickas till dig via den e-postadress du har angivit.<\/p>\n\n<p class=\"\">Kontrollera att uppgifterna i bokningsbekr\u00e4ftelsen st\u00e4mmer. Om de inte g\u00f6r det, ber vi dig att kontakta oss via e-post\u00a0<a href=\"mailto:info@vasaloppet.se\"><em>info@vasaloppet.se<\/em><\/a>, v\u00e5rt kontaktformul\u00e4r eller via telefon 0250-392 00.<\/p>\n\n<p class=\"\">Om du inte har f\u00e5tt din bokningsbekr\u00e4ftelse inom en vecka efter erlagd betalning, ber vi dig kontakta oss p\u00e5 ovan angivna telefonnummer eller e-postadress.<\/p>\n\n<h2 class=\"wp-block-heading\">4. Betalning<\/h2>\n\n<p class=\"\">Vi erbjuder betaltj\u00e4nsten Swedbank Pay vid anm\u00e4lan till Lopp, d\u00e4r du kan genomf\u00f6ra din betalning via kort, Swish, faktura eller delbetalning. F\u00f6r att anv\u00e4nda tj\u00e4nsten kan du beh\u00f6va godk\u00e4nna Swedbank Pays allm\u00e4nna villkor och villkor specifika f\u00f6r det betals\u00e4tt du valt.<\/p>\n\n\n<ul class=\"wp-block-list\">\n<li>Villkor fr\u00e5n Swedbank Pays f\u00f6r Delbetalning<\/li>\n\n\n\n<li>Villkor fr\u00e5n Swedbank Pays f\u00f6r Faktura<\/li>\n<\/ul>\n\n\n<p class=\"\">Vasaloppet polisanm\u00e4ler alla bedr\u00e4gerier och falska best\u00e4llningar.<\/p>\n\n<h2 class=\"wp-block-heading\">5. Genomf\u00f6rande av Lopp<\/h2>\n\n<p class=\"\">Deltagaren \u00e5tar sig att f\u00f6lja de s\u00e4rskilda regler som Vasaloppet meddelat f\u00f6r respektive Lopp, samt under Loppet f\u00f6lja de instruktioner som Vasaloppets funktion\u00e4rer vid var tid meddelar.<\/p>\n\n<p class=\"\">Vi f\u00f6rbeh\u00e5ller oss r\u00e4tten att g\u00f6ra justeringar i Loppet och kringaktiviteternas inneh\u00e5ll och utformning inklusive \u00e4ndring av banstr\u00e4ckning, tidpunkt f\u00f6r start och \u00e5kdag. Om s\u00e5dana \u00e4ndringar g\u00f6rs annonseras \u00e4ndringen p\u00e5 Vasaloppets hemsida. Om justeringar g\u00f6rs har du ingen r\u00e4tt till skadest\u00e5nd och\/eller justering av erlagd anm\u00e4lningsavgift.<\/p>\n\n<p class=\"\">Observera att f\u00f6r vissa av v\u00e5ra Lopp finns det en tidsbegr\u00e4nsning f\u00f6r genomf\u00f6randet och du \u00e4r medveten om och accepterar att vi d\u00e4rf\u00f6r kan komma att avsluta Loppet innan du har g\u00e5tt i m\u00e5l. Om s\u00e5 sker har du ingen r\u00e4tt till skadest\u00e5nd och\/eller justering av erlagd anm\u00e4lningsavgift.<\/p>\n\n<p class=\"\">Vasaloppets arrangemang av Lopp lyder under regelverk fr\u00e5n olika specialidrotts-f\u00f6rbund s\u00e5som Svenska Skidf\u00f6rbundet, Svenska Cykelf\u00f6rbundet och Svenska Friidrottsf\u00f6rbundet, vilka kan p\u00e5verka utformningen av v\u00e5ra Lopp, samt de regler vi meddelar f\u00f6r respektive Lopp i enlighet med ovan.<\/p>\n\n<h2 class=\"wp-block-heading\">6. Mina sidor och resultat<\/h2>\n\n<p class=\"\">Vasaloppet tillhandah\u00e5ller en personlig deltagarprofil f\u00f6r dig som deltagare, d\u00e4r dina kontakt- och deltagaruppgifter samlas tillsammans med dina resultat fr\u00e5n genomf\u00f6rda Lopp. Deltagarprofilen f\u00f6renklar anm\u00e4lningsprocessen, och bidrar till att du som deltagare f\u00e5r en korrekt sammanst\u00e4llning \u00f6ver dina genomf\u00f6rda Lopp. Du har alltid m\u00f6jlighet att \u00e4ndra dina kontakt- och deltagaruppgifter i deltagarprofilen.<\/p>\n\n<p class=\"\">Vasaloppet publicerar ocks\u00e5 ditt resultat fr\u00e5n genomf\u00f6rt Lopp i en resultatlista, som bland annat publiceras p\u00e5 Vasaloppets webbsida.<\/p>\n\n<h2 class=\"wp-block-heading\">7. Personuppgifter<\/h2>\n\n<p class=\"\">N\u00e4r du anm\u00e4ler dig till ett Lopp kommer Vasaloppet behandla dina personuppgifter. Du kan l\u00e4sa mer om hur Vasaloppet behandlar dina personuppgifter i Vasaloppets Integritetspolicy.<\/p>\n\n<p class=\"\"><a href=\"https:\/\/www.vasaloppet.se\/integritetspolicy\/\">VASALOPPETS INTEGRITETSPOLICY &gt;<\/a><\/p>\n\n<p class=\"\">Du som av personliga sk\u00e4l inte vill att dina personuppgifter ska synas i start- eller resultatlistor kan meddela oss p\u00e5 e-post\u00a0<a href=\"mailto:info@vasaloppet.se\"><em>info@vasaloppet.se<\/em><\/a>.<\/p>\n\n<h2 class=\"wp-block-heading\">8. Ansvar<\/h2>\n\n<p class=\"\">Allt deltagande i v\u00e5ra Lopp sker p\u00e5 egen risk, och vi ansvarar d\u00e4rf\u00f6r inte f\u00f6r skada som eventuellt \u00e5samkas dig i samband med deltagandet i Lopp. Vi ers\u00e4tter inte f\u00f6rlust eller skada p\u00e5 egendom och ansvarar inte heller f\u00f6r skador som kan uppst\u00e5 p\u00e5 kl\u00e4der eller teknisk utrustning som du b\u00e4r under Loppet. Vi ansvarar inte f\u00f6r kvargl\u00f6mda kl\u00e4der eller utrustning.<\/p>\n\n<p class=\"\">Vasaloppet ansvarar inte heller f\u00f6r skada som \u00e5samkas under Vasaloppets transport eller f\u00f6rvaring i samband med Lopp. Vi ers\u00e4tter inte f\u00f6rlust eller skada p\u00e5 egendom, kl\u00e4der eller teknisk utrustning under s\u00e5dan transport eller f\u00f6rvaring.<\/p>\n\n<h2 class=\"wp-block-heading\">9. Force majeure<\/h2>\n\n<p class=\"\">Vid inst\u00e4llt Lopp som beror p\u00e5 f\u00f6rh\u00e5llanden utanf\u00f6r v\u00e5r kontroll, s\u00e5som brand, \u00f6versv\u00e4mning, naturkatastrof, arbetskonflikt, krig, terroristattentat, jordb\u00e4vning, myndighetsbeslut, smittspridning av virus eller andra sjukdomar, eller andra liknande h\u00e4ndelser, \u00e5terbetalas inte anm\u00e4lningsavgiften, med undantag fr\u00e5n de fall som anges nedan.<\/p>\n\n<p class=\"\">Vid inst\u00e4llt Lopp under vinters\u00e4song som beror p\u00e5 sn\u00f6brist, extrem kyla eller vissa andra v\u00e4derf\u00f6rh\u00e5llanden, \u00e5terbetalar vi femtio (50) procent av anm\u00e4lningsavgiften, enligt Svenska Skidf\u00f6rbundets riktlinjer.<\/p>\n\n<p class=\"\">Om myndighet meddelar beslut eller restriktioner p\u00e5 grund av smittspridning av virus, till exempel covid-19, eller andra sjukdomar f\u00f6rbeh\u00e5ller vi oss r\u00e4tten att \u00e4ndra i banstr\u00e4ckning, datum eller tid f\u00f6r genomf\u00f6rande av Lopp och \u00f6vriga arrangemang, om vi bed\u00f6mer att s\u00e5 m\u00e5ste ske f\u00f6r att aktuella regler meddelade av myndighet ska kunna efterlevas. Vasaloppet har ingen skyldighet att \u00e5terbetala anm\u00e4lningsavgift eller betala skadest\u00e5nd som kompensation f\u00f6r ovan angivna \u00e4ndringar. Om Lopp m\u00e5ste st\u00e4llas in av s\u00e5dant sk\u00e4l har du r\u00e4tt att flytta din startplats till n\u00e4stkommande \u00e5r.<\/p>\n\n<h2 class=\"wp-block-heading\">10. \u00c4ndringar<\/h2>\n\n<p class=\"\">Vasaloppet \u00e4ger r\u00e4tt att fr\u00e5n tid till annan uppdatera och \u00e4ndra dessa Allm\u00e4nna villkor. Uppdatering av Allm\u00e4nna villkor g\u00e4ller fr\u00e5n den dag d\u00e5 nya Allm\u00e4nna villkor publicerats p\u00e5 Vasaloppets webbplats.<\/p>\n\n<p class=\"\">\u00c4ndringar av dessa Allm\u00e4nna villkor p\u00e5verkar inte anm\u00e4lningar till Lopp som gjordes innan nya Allm\u00e4nna villkor tr\u00e4dde i kraft. V\u00e4nligen notera att vi inte f\u00f6rbinder oss att spara \u00e4ldre versioner av Allm\u00e4nna villkor.<\/p>\n\n<h2 class=\"wp-block-heading\">11. Reklamation och tvist<\/h2>\n\n<p class=\"\">Vasaloppet efterstr\u00e4var alltid att du ska vara n\u00f6jd med ditt Lopp och v\u00e5ra arrangemang. Om du \u00e4r missn\u00f6jd ber vi dig d\u00e4rf\u00f6r att kontakta oss, s\u00e5 kommer vi att g\u00f6ra v\u00e5rt b\u00e4sta f\u00f6r att l\u00f6sa situationen. Du n\u00e5r oss via e-post\u00a0<em><a href=\"mailto:info@vasaloppet.se\">info@vasaloppet.se<\/a><\/em>, v\u00e5rt kontaktformul\u00e4r eller via telefon 0250-392 00.<\/p>\n\n<p class=\"\">Svensk lag ska till\u00e4mpas p\u00e5 avtal om Lopp och dessa Allm\u00e4nna villkor.<\/p>\n\n<p class=\"\">Tvist med anledning av avtal om Lopp och dessa Allm\u00e4nna villkor ska slutligen avg\u00f6ras av svensk domstol.<\/p>\n\n<p class=\"\">Som konsument har du \u00e4ven r\u00e4tt att f\u00e5 tvist med anledning av dessa Allm\u00e4nna villkor pr\u00f6vad genom alternativ tvistel\u00f6sning, f\u00f6rutsatt att \u00e4rendet uppfyller kraven f\u00f6r handl\u00e4ggning (t.ex. tids- och v\u00e4rdegr\u00e4nser). Vi \u00e5tar oss att medverka i tvistel\u00f6sning med en konsument enligt lagen om alternativ tvistl\u00f6sning i konsumentf\u00f6rh\u00e5llanden. Relevant n\u00e4mnd f\u00f6r alternativ tvistel\u00f6sning \u00e4r:<\/p>\n\n<p class=\"\">Allm\u00e4nna reklamationsn\u00e4mnden<br>Box 174, 101 23 Stockholm<br><a href=\"https:\/\/www.arn.se\/\" target=\"_blank\" rel=\"noreferrer noopener\">ARN.SE<\/a><\/p>\n\n<p class=\"\">EU-kommissionen st\u00e4ller dessutom en plattform f\u00f6r tvistl\u00f6sning utanf\u00f6r domstol till konsumenternas f\u00f6rfogande. Denna g\u00f6r det m\u00f6jligt f\u00f6r dig som konsument att l\u00f6sa tvister i samband med dina best\u00e4llningar p\u00e5 n\u00e4tet utan att beh\u00f6va g\u00e5 till domstol. Plattformen f\u00f6r tvistl\u00f6sning finns p\u00e5 den externa l\u00e4nken\u00a0<a href=\"http:\/\/ec.europa.eu\/consumers\/odr\/\" target=\"_blank\" rel=\"noreferrer noopener\"><em>http:\/\/ec.europa.eu\/consumers\/odr\/<\/em><\/a>.<\/p>\n\n<p class=\"\">Best\u00e4mmelserna ovan ska inte till\u00e4mpas i den utstr\u00e4ckning tvingande lagstiftning i det land d\u00e4r du \u00e4r bosatt uppst\u00e4ller krav p\u00e5 att ett annat lands lagstiftning eller domsr\u00e4tt ska till\u00e4mpas p\u00e5 dessa Allm\u00e4nna villkor.<\/p>","protected":false},"excerpt":{"rendered":"<p>Uppdaterade den 7 augusti 2024 1. Allm\u00e4nt Dessa allm\u00e4nna villkor (\u201dAllm\u00e4nna villkor\u201d) g\u00e4ller mellan dig och Vasaloppsf\u00f6reningen S\u00e4len-Mora, org.nr 884401\u20135886, (\u201dVasaloppet\u201d, \u201dvi\u201d, \u201doss\u201d, \u201dv\u00e5r\u201d, \u201dv\u00e5rt\u201d) n\u00e4r du anm\u00e4ler dig till ett lopp som arrangeras av Vasaloppet. Genom att du anm\u00e4ler dig sj\u00e4lv eller genom annan, till n\u00e5got av de lopp som Vasaloppet arrangerar (\u201dLopp\u201d), godk\u00e4nner [&hellip;]<\/p>\n","protected":false},"author":2,"featured_media":0,"parent":0,"menu_order":0,"comment_status":"closed","ping_status":"closed","template":"","meta":{"_acf_changed":false,"_relevanssi_hide_post":"","_relevanssi_hide_content":"","_relevanssi_pin_for_all":"","_relevanssi_pin_keywords":"","_relevanssi_unpin_keywords":"","_relevanssi_related_keywords":"","_relevanssi_related_include_ids":"","_relevanssi_related_exclude_ids":"","_relevanssi_related_no_append":"","_relevanssi_related_not_related":"","_relevanssi_related_posts":"1","_relevanssi_noindex_reason":"","_breakdance_hide_in_design_set":false,"_breakdance_tags":"","footnotes":""},"class_list":["post-855","page","type-page","status-publish","hentry"],"acf":[],"yoast_head":"<!-- This site is optimized with the Yoast SEO plugin v26.9 - https:\/\/yoast.com\/product\/yoast-seo-wordpress\/ -->\n<title>General terms and conditions - Vasaloppet in English<\/title>\n<meta name=\"robots\" content=\"index, follow, max-snippet:-1, max-image-preview:large, max-video-preview:-1\" \/>\n<link rel=\"canonical\" href=\"https:\/\/evergreen.vasaloppet.se\/en\/general-terms-and-conditions\/\" \/>\n<meta property=\"og:locale\" content=\"en_US\" \/>\n<meta property=\"og:type\" content=\"article\" \/>\n<meta property=\"og:title\" content=\"General terms and conditions - Vasaloppet in English\" \/>\n<meta property=\"og:description\" content=\"Uppdaterade den 7 augusti 2024 1. Allm\u00e4nt Dessa allm\u00e4nna villkor (\u201dAllm\u00e4nna villkor\u201d) g\u00e4ller mellan dig och Vasaloppsf\u00f6reningen S\u00e4len-Mora, org.nr 884401\u20135886, (\u201dVasaloppet\u201d, \u201dvi\u201d, \u201doss\u201d, \u201dv\u00e5r\u201d, \u201dv\u00e5rt\u201d) n\u00e4r du anm\u00e4ler dig till ett lopp som arrangeras av Vasaloppet. Genom att du anm\u00e4ler dig sj\u00e4lv eller genom annan, till n\u00e5got av de lopp som Vasaloppet arrangerar (\u201dLopp\u201d), godk\u00e4nner [&hellip;]\" \/>\n<meta property=\"og:url\" content=\"https:\/\/evergreen.vasaloppet.se\/en\/general-terms-and-conditions\/\" \/>\n<meta property=\"og:site_name\" content=\"Vasaloppet in English\" \/>\n<meta property=\"article:publisher\" content=\"https:\/\/www.facebook.com\/vasaloppetofficial\" \/>\n<meta property=\"article:modified_time\" content=\"2025-12-09T19:09:05+00:00\" \/>\n<meta property=\"og:image\" content=\"https:\/\/evergreen.vasaloppet.se\/en\/wp-content\/uploads\/sites\/3\/2025\/12\/vasaloppet-preview.png\" \/>\n\t<meta property=\"og:image:width\" content=\"1200\" \/>\n\t<meta property=\"og:image:height\" content=\"630\" \/>\n\t<meta property=\"og:image:type\" content=\"image\/png\" \/>\n<meta name=\"twitter:card\" content=\"summary_large_image\" \/>\n<meta name=\"twitter:label1\" content=\"Est. reading time\" \/>\n\t<meta name=\"twitter:data1\" content=\"6 minutes\" \/>\n<script type=\"application\/ld+json\" class=\"yoast-schema-graph\">{\"@context\":\"https:\/\/schema.org\",\"@graph\":[{\"@type\":\"WebPage\",\"@id\":\"https:\/\/evergreen.vasaloppet.se\/en\/general-terms-and-conditions\/\",\"url\":\"https:\/\/evergreen.vasaloppet.se\/en\/general-terms-and-conditions\/\",\"name\":\"General terms and conditions - Vasaloppet in English\",\"isPartOf\":{\"@id\":\"https:\/\/evergreen.vasaloppet.se\/en\/#website\"},\"datePublished\":\"2025-12-09T19:09:04+00:00\",\"dateModified\":\"2025-12-09T19:09:05+00:00\",\"breadcrumb\":{\"@id\":\"https:\/\/evergreen.vasaloppet.se\/en\/general-terms-and-conditions\/#breadcrumb\"},\"inLanguage\":\"en-US\",\"potentialAction\":[{\"@type\":\"ReadAction\",\"target\":[\"https:\/\/evergreen.vasaloppet.se\/en\/general-terms-and-conditions\/\"]}]},{\"@type\":\"BreadcrumbList\",\"@id\":\"https:\/\/evergreen.vasaloppet.se\/en\/general-terms-and-conditions\/#breadcrumb\",\"itemListElement\":[{\"@type\":\"ListItem\",\"position\":1,\"name\":\"Home\",\"item\":\"https:\/\/evergreen.vasaloppet.se\/en\/\"},{\"@type\":\"ListItem\",\"position\":2,\"name\":\"General terms and conditions\"}]},{\"@type\":\"WebSite\",\"@id\":\"https:\/\/evergreen.vasaloppet.se\/en\/#website\",\"url\":\"https:\/\/evergreen.vasaloppet.se\/en\/\",\"name\":\"Vasaloppet in English\",\"description\":\"\",\"publisher\":{\"@id\":\"https:\/\/evergreen.vasaloppet.se\/en\/#organization\"},\"potentialAction\":[{\"@type\":\"SearchAction\",\"target\":{\"@type\":\"EntryPoint\",\"urlTemplate\":\"https:\/\/evergreen.vasaloppet.se\/en\/?s={search_term_string}\"},\"query-input\":{\"@type\":\"PropertyValueSpecification\",\"valueRequired\":true,\"valueName\":\"search_term_string\"}}],\"inLanguage\":\"en-US\"},{\"@type\":\"Organization\",\"@id\":\"https:\/\/evergreen.vasaloppet.se\/en\/#organization\",\"name\":\"Vasaloppet\",\"url\":\"https:\/\/evergreen.vasaloppet.se\/en\/\",\"logo\":{\"@type\":\"ImageObject\",\"inLanguage\":\"en-US\",\"@id\":\"https:\/\/evergreen.vasaloppet.se\/en\/#\/schema\/logo\/image\/\",\"url\":\"https:\/\/evergreen.vasaloppet.se\/en\/wp-content\/uploads\/sites\/3\/2025\/12\/vasaloppet-logo.png\",\"contentUrl\":\"https:\/\/evergreen.vasaloppet.se\/en\/wp-content\/uploads\/sites\/3\/2025\/12\/vasaloppet-logo.png\",\"width\":696,\"height\":696,\"caption\":\"Vasaloppet\"},\"image\":{\"@id\":\"https:\/\/evergreen.vasaloppet.se\/en\/#\/schema\/logo\/image\/\"},\"sameAs\":[\"https:\/\/www.facebook.com\/vasaloppetofficial\",\"https:\/\/www.instagram.com\/vasaloppet\/\"]}]}<\/script>\n<!-- \/ Yoast SEO plugin. -->","yoast_head_json":{"title":"General terms and conditions - Vasaloppet in English","robots":{"index":"index","follow":"follow","max-snippet":"max-snippet:-1","max-image-preview":"max-image-preview:large","max-video-preview":"max-video-preview:-1"},"canonical":"https:\/\/evergreen.vasaloppet.se\/en\/general-terms-and-conditions\/","og_locale":"en_US","og_type":"article","og_title":"General terms and conditions - Vasaloppet in English","og_description":"Uppdaterade den 7 augusti 2024 1. Allm\u00e4nt Dessa allm\u00e4nna villkor (\u201dAllm\u00e4nna villkor\u201d) g\u00e4ller mellan dig och Vasaloppsf\u00f6reningen S\u00e4len-Mora, org.nr 884401\u20135886, (\u201dVasaloppet\u201d, \u201dvi\u201d, \u201doss\u201d, \u201dv\u00e5r\u201d, \u201dv\u00e5rt\u201d) n\u00e4r du anm\u00e4ler dig till ett lopp som arrangeras av Vasaloppet. Genom att du anm\u00e4ler dig sj\u00e4lv eller genom annan, till n\u00e5got av de lopp som Vasaloppet arrangerar (\u201dLopp\u201d), godk\u00e4nner [&hellip;]","og_url":"https:\/\/evergreen.vasaloppet.se\/en\/general-terms-and-conditions\/","og_site_name":"Vasaloppet in English","article_publisher":"https:\/\/www.facebook.com\/vasaloppetofficial","article_modified_time":"2025-12-09T19:09:05+00:00","og_image":[{"width":1200,"height":630,"url":"https:\/\/evergreen.vasaloppet.se\/en\/wp-content\/uploads\/sites\/3\/2025\/12\/vasaloppet-preview.png","type":"image\/png"}],"twitter_card":"summary_large_image","twitter_misc":{"Est. reading time":"6 minutes"},"schema":{"@context":"https:\/\/schema.org","@graph":[{"@type":"WebPage","@id":"https:\/\/evergreen.vasaloppet.se\/en\/general-terms-and-conditions\/","url":"https:\/\/evergreen.vasaloppet.se\/en\/general-terms-and-conditions\/","name":"General terms and conditions - Vasaloppet in English","isPartOf":{"@id":"https:\/\/evergreen.vasaloppet.se\/en\/#website"},"datePublished":"2025-12-09T19:09:04+00:00","dateModified":"2025-12-09T19:09:05+00:00","breadcrumb":{"@id":"https:\/\/evergreen.vasaloppet.se\/en\/general-terms-and-conditions\/#breadcrumb"},"inLanguage":"en-US","potentialAction":[{"@type":"ReadAction","target":["https:\/\/evergreen.vasaloppet.se\/en\/general-terms-and-conditions\/"]}]},{"@type":"BreadcrumbList","@id":"https:\/\/evergreen.vasaloppet.se\/en\/general-terms-and-conditions\/#breadcrumb","itemListElement":[{"@type":"ListItem","position":1,"name":"Home","item":"https:\/\/evergreen.vasaloppet.se\/en\/"},{"@type":"ListItem","position":2,"name":"General terms and conditions"}]},{"@type":"WebSite","@id":"https:\/\/evergreen.vasaloppet.se\/en\/#website","url":"https:\/\/evergreen.vasaloppet.se\/en\/","name":"Vasaloppet in English","description":"","publisher":{"@id":"https:\/\/evergreen.vasaloppet.se\/en\/#organization"},"potentialAction":[{"@type":"SearchAction","target":{"@type":"EntryPoint","urlTemplate":"https:\/\/evergreen.vasaloppet.se\/en\/?s={search_term_string}"},"query-input":{"@type":"PropertyValueSpecification","valueRequired":true,"valueName":"search_term_string"}}],"inLanguage":"en-US"},{"@type":"Organization","@id":"https:\/\/evergreen.vasaloppet.se\/en\/#organization","name":"Vasaloppet","url":"https:\/\/evergreen.vasaloppet.se\/en\/","logo":{"@type":"ImageObject","inLanguage":"en-US","@id":"https:\/\/evergreen.vasaloppet.se\/en\/#\/schema\/logo\/image\/","url":"https:\/\/evergreen.vasaloppet.se\/en\/wp-content\/uploads\/sites\/3\/2025\/12\/vasaloppet-logo.png","contentUrl":"https:\/\/evergreen.vasaloppet.se\/en\/wp-content\/uploads\/sites\/3\/2025\/12\/vasaloppet-logo.png","width":696,"height":696,"caption":"Vasaloppet"},"image":{"@id":"https:\/\/evergreen.vasaloppet.se\/en\/#\/schema\/logo\/image\/"},"sameAs":["https:\/\/www.facebook.com\/vasaloppetofficial","https:\/\/www.instagram.com\/vasaloppet\/"]}]}},"publishpress_future_action":{"enabled":false,"date":"2026-04-24 04:18:34","action":"change-status","newStatus":"draft","terms":[],"taxonomy":"","extraData":[]},"publishpress_future_workflow_manual_trigger":{"enabledWorkflows":[]},"_links":{"self":[{"href":"https:\/\/evergreen.vasaloppet.se\/en\/wp-json\/wp\/v2\/pages\/855","targetHints":{"allow":["GET"]}}],"collection":[{"href":"https:\/\/evergreen.vasaloppet.se\/en\/wp-json\/wp\/v2\/pages"}],"about":[{"href":"https:\/\/evergreen.vasaloppet.se\/en\/wp-json\/wp\/v2\/types\/page"}],"author":[{"embeddable":true,"href":"https:\/\/evergreen.vasaloppet.se\/en\/wp-json\/wp\/v2\/users\/2"}],"replies":[{"embeddable":true,"href":"https:\/\/evergreen.vasaloppet.se\/en\/wp-json\/wp\/v2\/comments?post=855"}],"version-history":[{"count":1,"href":"https:\/\/evergreen.vasaloppet.se\/en\/wp-json\/wp\/v2\/pages\/855\/revisions"}],"predecessor-version":[{"id":869,"href":"https:\/\/evergreen.vasaloppet.se\/en\/wp-json\/wp\/v2\/pages\/855\/revisions\/869"}],"wp:attachment":[{"href":"https:\/\/evergreen.vasaloppet.se\/en\/wp-json\/wp\/v2\/media?parent=855"}],"curies":[{"name":"wp","href":"https:\/\/api.w.org\/{rel}","templated":true}]}}